{"id":662,"date":"2024-06-20T15:20:54","date_gmt":"2024-06-20T15:20:54","guid":{"rendered":"https:\/\/emblemaoperaciones.com\/?page_id=662"},"modified":"2024-08-30T00:27:05","modified_gmt":"2024-08-30T00:27:05","slug":"poliacrilato-de-sodio","status":"publish","type":"page","link":"https:\/\/emblemaoperaciones.com\/index.php\/poliacrilato-de-sodio\/","title":{"rendered":"Poliacrilato de Sodio"},"content":{"rendered":"\t\t<div data-elementor-type=\"wp-page\" data-elementor-id=\"662\" class=\"elementor elementor-662\" data-elementor-post-type=\"page\">\n\t\t\t\t\t\t<section class=\"elementor-section elementor-top-section elementor-element elementor-element-41f9ec0b elementor-section-height-min-height elementor-section-boxed elementor-section-height-default elementor-section-items-middle\" data-id=\"41f9ec0b\" data-element_type=\"section\" data-settings=\"{&quot;background_background&quot;:&quot;classic&quot;}\">\n\t\t\t\t\t\t\t<div class=\"elementor-background-overlay\"><\/div>\n\t\t\t\t\t\t\t<div class=\"elementor-container elementor-column-gap-default\">\n\t\t\t\t\t<div class=\"elementor-column elementor-col-100 elementor-top-column elementor-element elementor-element-17ec62b8\" data-id=\"17ec62b8\" data-element_type=\"column\">\n\t\t\t<div class=\"elementor-widget-wrap elementor-element-populated\">\n\t\t\t\t\t\t<div class=\"elementor-element elementor-element-48a6e5fb elementor-widget__width-initial elementor-widget elementor-widget-heading\" data-id=\"48a6e5fb\" data-element_type=\"widget\" data-widget_type=\"heading.default\">\n\t\t\t\t<div class=\"elementor-widget-container\">\n\t\t\t\t\t<h2 class=\"elementor-heading-title elementor-size-default\"><a href=\"https:\/\/emblemaoperaciones.com\">Inicio<\/a><\/h2>\t\t\t\t<\/div>\n\t\t\t\t<\/div>\n\t\t\t\t<div class=\"elementor-element elementor-element-2a0e0b3c elementor-widget__width-initial elementor-widget elementor-widget-heading\" data-id=\"2a0e0b3c\" data-element_type=\"widget\" data-widget_type=\"heading.default\">\n\t\t\t\t<div class=\"elementor-widget-container\">\n\t\t\t\t\t<h3 class=\"elementor-heading-title elementor-size-default\">-<\/h3>\t\t\t\t<\/div>\n\t\t\t\t<\/div>\n\t\t\t\t\t<\/div>\n\t\t<\/div>\n\t\t\t\t\t<\/div>\n\t\t<\/section>\n\t\t\t\t<section class=\"elementor-section elementor-top-section elementor-element elementor-element-6100a20c elementor-section-boxed elementor-section-height-default elementor-section-height-default\" data-id=\"6100a20c\" data-element_type=\"section\" data-settings=\"{&quot;background_background&quot;:&quot;classic&quot;}\">\n\t\t\t\t\t\t<div class=\"elementor-container elementor-column-gap-default\">\n\t\t\t\t\t<div class=\"elementor-column elementor-col-100 elementor-top-column elementor-element elementor-element-aa1f3a2\" data-id=\"aa1f3a2\" data-element_type=\"column\">\n\t\t\t<div class=\"elementor-widget-wrap elementor-element-populated\">\n\t\t\t\t\t\t<div class=\"elementor-element elementor-element-5b1c4125 elementor-widget elementor-widget-heading\" data-id=\"5b1c4125\" data-element_type=\"widget\" data-widget_type=\"heading.default\">\n\t\t\t\t<div class=\"elementor-widget-container\">\n\t\t\t\t\t<h2 class=\"elementor-heading-title elementor-size-default\">Qu\u00edmicos<\/h2>\t\t\t\t<\/div>\n\t\t\t\t<\/div>\n\t\t\t\t<div class=\"elementor-element elementor-element-2e9bab32 elementor-widget elementor-widget-heading\" data-id=\"2e9bab32\" data-element_type=\"widget\" data-widget_type=\"heading.default\">\n\t\t\t\t<div class=\"elementor-widget-container\">\n\t\t\t\t\t<h3 class=\"elementor-heading-title elementor-size-default\">Poliacrilato de sodio<\/h3>\t\t\t\t<\/div>\n\t\t\t\t<\/div>\n\t\t\t\t<div class=\"elementor-element elementor-element-6b3a8f85 elementor-widget elementor-widget-text-editor\" data-id=\"6b3a8f85\" data-element_type=\"widget\" data-widget_type=\"text-editor.default\">\n\t\t\t\t<div class=\"elementor-widget-container\">\n\t\t\t\t\t\t\t\t\t<div class=\"col-lg-12\"><p>El poliacrilato de sodio es un polielectrolito ani\u00f3nico con una variedad de propiedades qu\u00edmicas y f\u00edsicas. El poliacrilato de sodio de bajo peso molecular tiene buenos rendimientos en dispersi\u00f3n, inhibici\u00f3n de incrustaciones e inhibici\u00f3n de corrosi\u00f3n, principalmente utilizado en los siguientes campos: utilizado como agente reductor de viscosidad en productos qu\u00edmicos para campos petrol\u00edferos; utilizado como agente dispersante de pigmentos en la industria papelera; utilizado como agente de apresto, agente dispersante en la industria textil; utilizado como constructor de detergente en la industria del lavado; agente reductor de agua de alta eficiencia; poliacrilato de sodio con funciones de espesamiento, emulsi\u00f3n, modelado, extrusi\u00f3n, estabilizaci\u00f3n, etc., que reducir\u00e1 la producci\u00f3n costo, mejorar la calidad alimentaria y el sabor, y extender la vida \u00fatil en la industria alimentaria; agente de expansi\u00f3n de granulaci\u00f3n de pesticidas; En el campo de materiales compuestos, el poliacrilato de sodio con bajo peso molecular tambi\u00e9n se puede usar para dispersar fibra de vidrio de tama\u00f1o mediano y trans -ferir fibra de vidrio del paquete al monofilamento para lograr el requisito de formaci\u00f3n del material; En la industria cosm\u00e9tica, el poliacrilato de sodio puede espesar, suspender, dispersar, estabilizar, etc. Otras aplicaciones que incluyen: En la industria de fabricaci\u00f3n de tabaco, el poliacrilato de sodio puede promover la acci\u00f3n cohesiva al hacer la hoja de tabaco, lo que puede reducir el costo del tabaco; Adem\u00e1s, tambi\u00e9n se puede usar como adhesivo para cigarrillos te papel; tambi\u00e9n se puede utilizar como un nuevo tipo de agente de enfriamiento en material met\u00e1lico; como agente antiaglomerante en cloruro de amonio y otras sales inorg\u00e1nicas; como agente de flotaci\u00f3n mineral en miner\u00eda; como agente desincrustante y antiincrustante en equipos de calefacci\u00f3n industrial o industria de tratamiento de agua.<\/p><\/div>\t\t\t\t\t\t\t\t<\/div>\n\t\t\t\t<\/div>\n\t\t\t\t\t<\/div>\n\t\t<\/div>\n\t\t\t\t\t<\/div>\n\t\t<\/section>\n\t\t\t\t<section class=\"elementor-section elementor-top-section elementor-element elementor-element-7d686ec elementor-section-boxed elementor-section-height-default elementor-section-height-default\" data-id=\"7d686ec\" data-element_type=\"section\" data-settings=\"{&quot;background_background&quot;:&quot;classic&quot;}\">\n\t\t\t\t\t\t<div class=\"elementor-container elementor-column-gap-default\">\n\t\t\t\t\t<div class=\"elementor-column elementor-col-50 elementor-top-column elementor-element elementor-element-3a598b7\" data-id=\"3a598b7\" data-element_type=\"column\" data-settings=\"{&quot;background_background&quot;:&quot;classic&quot;}\">\n\t\t\t<div class=\"elementor-widget-wrap elementor-element-populated\">\n\t\t\t\t\t\t<div class=\"elementor-element elementor-element-8ca7bad elementor-widget elementor-widget-spacer\" data-id=\"8ca7bad\" data-element_type=\"widget\" data-widget_type=\"spacer.default\">\n\t\t\t\t<div class=\"elementor-widget-container\">\n\t\t\t\t\t\t\t<div class=\"elementor-spacer\">\n\t\t\t<div class=\"elementor-spacer-inner\"><\/div>\n\t\t<\/div>\n\t\t\t\t\t\t<\/div>\n\t\t\t\t<\/div>\n\t\t\t\t\t<\/div>\n\t\t<\/div>\n\t\t\t\t<div class=\"elementor-column elementor-col-50 elementor-top-column elementor-element elementor-element-a2bf5a8\" data-id=\"a2bf5a8\" data-element_type=\"column\">\n\t\t\t<div class=\"elementor-widget-wrap elementor-element-populated\">\n\t\t\t\t\t\t<div class=\"elementor-element elementor-element-32385cb elementor-widget__width-initial elementor-widget elementor-widget-icon-box\" data-id=\"32385cb\" data-element_type=\"widget\" data-widget_type=\"icon-box.default\">\n\t\t\t\t<div class=\"elementor-widget-container\">\n\t\t\t\t\t\t\t<div class=\"elementor-icon-box-wrapper\">\n\n\t\t\t\n\t\t\t\t\t\t<div class=\"elementor-icon-box-content\">\n\n\t\t\t\t\t\t\t\t\t<h4 class=\"elementor-icon-box-title\">\n\t\t\t\t\t\t<span  >\n\t\t\t\t\t\t\tA823\t\t\t\t\t\t<\/span>\n\t\t\t\t\t<\/h4>\n\t\t\t\t\n\t\t\t\t\t\t\t\t\t<p class=\"elementor-icon-box-description\">\n\t\t\t\t\t\tNivel de carga: Alto\nPeso Molecular: Bajo\t\t\t\t\t<\/p>\n\t\t\t\t\n\t\t\t<\/div>\n\t\t\t\n\t\t<\/div>\n\t\t\t\t\t\t<\/div>\n\t\t\t\t<\/div>\n\t\t\t\t\t<\/div>\n\t\t<\/div>\n\t\t\t\t\t<\/div>\n\t\t<\/section>\n\t\t\t\t<section class=\"elementor-section elementor-top-section elementor-element elementor-element-5d4b659 elementor-section-boxed elementor-section-height-default elementor-section-height-default\" data-id=\"5d4b659\" data-element_type=\"section\">\n\t\t\t\t\t\t<div class=\"elementor-container elementor-column-gap-default\">\n\t\t\t\t\t<div class=\"elementor-column elementor-col-100 elementor-top-column elementor-element elementor-element-ae0eb80\" data-id=\"ae0eb80\" data-element_type=\"column\">\n\t\t\t<div class=\"elementor-widget-wrap\">\n\t\t\t\t\t\t\t<\/div>\n\t\t<\/div>\n\t\t\t\t\t<\/div>\n\t\t<\/section>\n\t\t\t\t<\/div>\n\t\t","protected":false},"excerpt":{"rendered":"<p>Inicio &#8211; Qu\u00edmicos Poliacrilato de sodio El poliacrilato de sodio es un polielectrolito ani\u00f3nico con una variedad de propiedades qu\u00edmicas y f\u00edsicas. El poliacrilato de sodio de bajo peso molecular tiene buenos rendimientos en dispersi\u00f3n, inhibici\u00f3n de incrustaciones e inhibici\u00f3n de corrosi\u00f3n, principalmente utilizado en los siguientes campos: utilizado como agente reductor de viscosidad en [&hellip;]<\/p>\n","protected":false},"author":3,"featured_media":0,"parent":0,"menu_order":0,"comment_status":"closed","ping_status":"closed","template":"","meta":{"footnotes":""},"_links":{"self":[{"href":"https:\/\/emblemaoperaciones.com\/index.php\/wp-json\/wp\/v2\/pages\/662"}],"collection":[{"href":"https:\/\/emblemaoperaciones.com\/index.php\/wp-json\/wp\/v2\/pages"}],"about":[{"href":"https:\/\/emblemaoperaciones.com\/index.php\/wp-json\/wp\/v2\/types\/page"}],"author":[{"embeddable":true,"href":"https:\/\/emblemaoperaciones.com\/index.php\/wp-json\/wp\/v2\/users\/3"}],"replies":[{"embeddable":true,"href":"https:\/\/emblemaoperaciones.com\/index.php\/wp-json\/wp\/v2\/comments?post=662"}],"version-history":[{"count":28,"href":"https:\/\/emblemaoperaciones.com\/index.php\/wp-json\/wp\/v2\/pages\/662\/revisions"}],"predecessor-version":[{"id":1637,"href":"https:\/\/emblemaoperaciones.com\/index.php\/wp-json\/wp\/v2\/pages\/662\/revisions\/1637"}],"wp:attachment":[{"href":"https:\/\/emblemaoperaciones.com\/index.php\/wp-json\/wp\/v2\/media?parent=662"}],"curies":[{"name":"wp","href":"https:\/\/api.w.org\/{rel}","templated":true}]}}